{"id":45768,"date":"2024-09-20T04:23:45","date_gmt":"2024-09-20T04:23:45","guid":{"rendered":"https:\/\/horwathhtl.com\/sobre-voce\/"},"modified":"2026-01-13T13:57:22","modified_gmt":"2026-01-13T13:57:22","slug":"sobre-voce","status":"publish","type":"page","link":"https:\/\/horwathhtl.com\/pt-br\/sobre-voce\/","title":{"rendered":"Sobre voc\u00ea"},"content":{"rendered":"<div  class=\"hhtl-hero hhtl-hero-indigo hhtl-hero-mirrored hhtl-hero-reverse-gradient\">\n        <div class=\"hhtl-hero-background\">\n          <div style=\"--hhtl-margin-bottom: 6;\" class=\"grid grid-cols-1 lg:grid-cols-2 lg:auto-rows-fr hhtl-margin\">\n    <div class=\"hhtl-hero-triangle-position\">\n      <div class=\"hhtl-hero-triangle-wrapper opacity-0\">\n        <div class=\"hhtl-hero-triangle-container hhtl-hero-triangle-video\">\n                            <div data-video-id=\"buy2gr2ett\" style=\"\" class=\"hhtl-hero-video\">\n                    <div class=\"wistia_embed wistia_async_buy2gr2ett  seo=false controlsVisibleOnLoad=false endVideoBehavior=loop fitStrategy=cover muted=true playButton=false autoPlay=true silentAutoPlay=true playbar=false settingsControl=false smallPlayButton=false volumeControl=false fullscreenButton=false\"><\/div>\n                  <\/div>\n                        <\/div>\n      <\/div>\n    <\/div>\n    <div class=\"hhtl-hero-content-container\">\n      <div class=\"hhtl-hero-content\">\n                      <h3 class=\"hhtl-hero-strapline hhtl-animate-global-top\">Sobre n\u00f3s<\/h3>\n                    <h1 style=\"\" class=\"hhtl-hero-heading hhtl-animate-global-top hhtl-animate-global-delay-1\">Passos ousados para rumbo ao futuro<\/h1>\n                      <div class=\"hhtl-hero-description\">\n                <p class=\"b1 hhtl-animate-global-top hhtl-animate-global-delay-2\">Somos l\u00edderes globais em consultoria de hospitalidade, turismo e lazer.  <\/p><p class=\"b1 hhtl-animate-global-top hhtl-animate-global-delay-2\">Nosso foco \u00e9 a consultoria e as solu\u00e7\u00f5es estrat\u00e9gicas para toda a sua empresa.<\/p><p class=\"b1 hhtl-animate-global-top hhtl-animate-global-delay-2\">Ajudamos clientes ambiciosos a alcan\u00e7ar resultados extraordin\u00e1rios.  <\/p>              <\/div>\n                  <\/div>\n          <\/div>\n  <\/div>\n        <\/div>\n                <div class=\"hhtl-hero-statistics-container\">\n                        <div>\n              <div style=\"--hhtl-margin-bottom: 6;\" class=\"hhtl-hero-statistics hhtl-margin\">\n                    <div style=\"--hhtl-padding-x: 0; --hhtl-padding-y: 1;\" class=\"relative hhtl-statistic border-t border-hhtl-neutral-100 hhtl-animate-global-middle hhtl-animate-global-delay-0 hhtl-padding\">\n      <div class=\"stat1 text-hhtl-amber\">\n        <input type=\"hidden\" name=\"hhtl-statistic-end-value\" value=\"52\" \/><span class=\"hhtl-statistic-number\">00<\/span>      <\/div>\n                  <p class=\"caption text-hhtl-neutral-500\">Escrit\u00f3rios globais<\/p>\n              <\/div>\n    <div><\/div><div><\/div>    <div style=\"--hhtl-padding-x: 0; --hhtl-padding-y: 1;\" class=\"relative hhtl-statistic border-t border-hhtl-neutral-100 hhtl-animate-global-middle hhtl-animate-global-delay-1 hhtl-padding\">\n      <div class=\"stat1 text-hhtl-amber\">\n        <input type=\"hidden\" name=\"hhtl-statistic-end-value\" value=\"50\" \/><span class=\"hhtl-statistic-number\">00<\/span><span>k +<\/span>      <\/div>\n                  <p class=\"caption text-hhtl-neutral-500\">Projetos conclu\u00eddos<\/p>\n              <\/div>\n        <div style=\"--hhtl-padding-x: 0; --hhtl-padding-y: 1;\" class=\"relative hhtl-statistic border-t border-hhtl-neutral-100 hhtl-animate-global-middle hhtl-animate-global-delay-2 hhtl-padding\">\n      <div class=\"stat1 text-hhtl-amber\">\n        <input type=\"hidden\" name=\"hhtl-statistic-end-value\" value=\"110\" \/><span class=\"hhtl-statistic-number\">000<\/span>      <\/div>\n                  <p class=\"caption text-hhtl-neutral-500\">A\u00f1os de atua\u00e7\u00e3o<\/p>\n              <\/div>\n    <div><\/div>              <\/div>\n            <\/div>\n          <\/div>\n        <\/div>\n<div style=\"--hhtl-padding-top: 5; --hhtl-padding-bottom: 10;\" class=\"hhtl-padding\">\n  <div>\n        <div class=\"swiper hhtl-slider-container h-svh-1\/2 lg:h-svh relative\">\n      <div class=\"swiper-wrapper hhtl-slider w-full h-full\">\n                        <div style=\"background-image: url('https:\/\/horwathhtl.com\/wp-content\/uploads\/2024\/10\/Topalovic-Sinisa-7-1500x1000px.jpg');\" class=\"swiper-slide h-full text-white bg-center bg-cover\">\n                  <div class=\"absolute inset-0 bg-gradient-to-r from-black\/70 to-transparent\"><\/div>\n                                    <div style=\"--hhtl-padding-x: 6; --hhtl-padding-y: 8; align-items: center;\" class=\"flex relative hhtl-padding h-full w-full\">\n                    <div class=\"basis-1\/2\">\n                                              <h2 class=\"text-white font-bold\" data-swiper-parallax-duration=\"1800\" data-swiper-parallax-x=\"-400\" data-swiper-parallax-opacity=\"0\">\u201cWe have to be creative &#8211; every project is different and every client is different\u201d<\/h2>\n                                                <h4 data-swiper-parallax-duration=\"1900\" data-swiper-parallax-x=\"-400\" data-swiper-parallax-opacity=\"0\">Sini\u0161a Topalovi\u0107, Global Head of Tourism Advisory<\/h4>\n                                            <\/div>\n                  <\/div>\n                <\/div>\n                              <div style=\"background-image: url('https:\/\/horwathhtl.com\/wp-content\/uploads\/2024\/10\/IMG_9775.jpg');\" class=\"swiper-slide h-full text-white bg-center bg-cover\">\n                  <div class=\"absolute inset-0 bg-gradient-to-r from-black\/70 to-transparent\"><\/div>\n                                    <div style=\"--hhtl-padding-x: 6; --hhtl-padding-y: 8; align-items: center;\" class=\"flex relative hhtl-padding h-full w-full\">\n                    <div class=\"basis-1\/2\">\n                                              <h2 class=\"text-white font-bold\" data-swiper-parallax-duration=\"1800\" data-swiper-parallax-x=\"-400\" data-swiper-parallax-opacity=\"0\">\u201cHorwath HTL has 52 offices around the world. We are experts in Hospitality, Tourism and Leisure\u201d<\/h2>\n                                                <h4 data-swiper-parallax-duration=\"1900\" data-swiper-parallax-x=\"-400\" data-swiper-parallax-opacity=\"0\">Horwath HTL EMEA<\/h4>\n                                            <\/div>\n                  <\/div>\n                <\/div>\n                              <div style=\"background-image: url('https:\/\/horwathhtl.com\/wp-content\/uploads\/2024\/07\/Milin-Kristina-4-1500x1000px.jpg');\" class=\"swiper-slide h-full text-white bg-center bg-cover\">\n                  <div class=\"absolute inset-0 bg-gradient-to-r from-black\/70 to-transparent\"><\/div>\n                                    <div style=\"--hhtl-padding-x: 6; --hhtl-padding-y: 8; align-items: center;\" class=\"flex relative hhtl-padding h-full w-full\">\n                    <div class=\"basis-1\/2\">\n                                              <h2 class=\"text-white font-bold\" data-swiper-parallax-duration=\"1800\" data-swiper-parallax-x=\"-400\" data-swiper-parallax-opacity=\"0\">\u201cThere is always more than one solution &#8211; the skill is to find the best solution for the long term success of the project\u201d<\/h2>\n                                                <h4 data-swiper-parallax-duration=\"1900\" data-swiper-parallax-x=\"-400\" data-swiper-parallax-opacity=\"0\">Kristina Milin, Principal, Horwath HTL Croatia<\/h4>\n                                            <\/div>\n                  <\/div>\n                <\/div>\n                              <div style=\"background-image: url('https:\/\/horwathhtl.com\/wp-content\/uploads\/2025\/01\/Horwath_09-12-2024_083-A-scaled.jpg');\" class=\"swiper-slide h-full text-white bg-center bg-cover\">\n                  <div class=\"absolute inset-0 bg-gradient-to-r from-black\/70 to-transparent\"><\/div>\n                                    <div style=\"--hhtl-padding-x: 6; --hhtl-padding-y: 8; align-items: center;\" class=\"flex relative hhtl-padding h-full w-full\">\n                    <div class=\"basis-1\/2\">\n                                              <h2 class=\"text-white font-bold\" data-swiper-parallax-duration=\"1800\" data-swiper-parallax-x=\"-400\" data-swiper-parallax-opacity=\"0\">\u201cThe solution has to be sustainable. If we don&#039;t find the right balance between the financial, environmental and social for each project we haven&#039;t succeeded\u201d<\/h2>\n                                                <h4 data-swiper-parallax-duration=\"1900\" data-swiper-parallax-x=\"-400\" data-swiper-parallax-opacity=\"0\">Diego Rodriguez, Managing Partner, Argentina<\/h4>\n                                            <\/div>\n                  <\/div>\n                <\/div>\n                    <\/div>\n      <div style=\"--hhtl-padding-x: 6; --hhtl-padding-bottom: 4;\" class=\"hhtl-padding absolute flex left-0 bottom-0 text-white z-10\">\n        <div style=\"--hhtl-width: 2.5; --hhtl-height: 2.5; --hhtl-margin-right: 0.625;\" class=\"group hhtl-size hhtl-margin hhtl-slider-nav-prev flex items-center justify-center rounded-full cursor-pointer bg-white\/20\">\n          <svg style=\"--hhtl-height: 1.5;\" class=\"hhtl-size group-hover:animate-point-right fill-white\" viewBox=\"0 0 16 16\" xmlns=\"http:\/\/www.w3.org\/2000\/svg\">\n            <path d=\"M7 13L7.705 12.295L3.915 8.5H14V7.5H3.915L7.705 3.705L7 3L2 8L7 13Z\" \/>\n          <\/svg>\n        <\/div>\n        <div style=\"--hhtl-width: 2.5; --hhtl-height: 2.5\" class=\"hhtl-size relative\">\n          <svg class=\"absolute -rotate-90 pointer-events-none\" viewBox=\"0 0 42 42\">\n            <circle style=\"stroke-width: 4%; stroke-linecap: round;\" class=\"hhtl-slider-progress show stroke-hhtl-amber stroke-2 fill-transparent transition-all ease-linear duration-1000\" cx=\"21\" cy=\"21\" r=\"48%\" stroke-dasharray=\"0 126.669015792740412\" stroke-dashoffset=\"0\"><\/circle>\n          <\/svg>\n          <div style=\"--hhtl-width: 2.5; --hhtl-height: 2.5;\" class=\"group hhtl-size hhtl-slider-nav-next flex items-center justify-center rounded-full cursor-pointer bg-white\/20\">\n            <svg style=\"--hhtl-height: 1.5;\" class=\"hhtl-size group-hover:animate-point-left fill-white\" viewBox=\"0 0 16 16\" xmlns=\"http:\/\/www.w3.org\/2000\/svg\">\n              <path d=\"M9 3L8.285 3.6965L12.075 7.5H2V8.5H12.075L8.285 12.2865L9 13L14 8L9 3Z\" \/>\n            <\/svg>\n          <\/div>\n        <\/div>\n      <\/div>\n    <\/div>\n  <\/div>\n<\/div>\n<div style=\"--hhtl-padding-top: 10; --hhtl-padding-bottom: 15; --hhtl-padding-left: 6; --hhtl-padding-right: 6;\" class=\"hhtl-content hhtl-padding relative\">\n  <div>\n        <div style=\"--hhtl-min-height: 45; --hhtl-column-gap: 2; --hhtl-row-gap: 0;\" class=\"hhtl-content-grid hhtl-content-grid-2 grid relative h-fit hhtl-min-height hhtl-grid-gap\">\n                <div style=\"grid-column: span 6 \/ span 6; align-content: center; --hhtl-padding-top: 6; --hhtl-padding-bottom: 6; --hhtl-padding-left: 6; --hhtl-padding-right: 6;\" class=\"hhtl-padding relative hhtl-animate-global-top hhtl-animate-global-delay-0\">\n                            <div style=\"background-color: #002d62;\" class=\"absolute inset-0\"><\/div>\n                      <h5 style=\"color: #ffffff; text-align: start;\" class=\"relative hhtl-animate-global-top hhtl-animate-global-delay-1\">Sobre a Horwath HTL<\/h5>\n          <div class=\"relative\">\n      <p style=\"color: #ffffff; text-align: start;\" class=\"b2 hhtl-animate-global-top hhtl-animate-global-delay-2\">Na Horwath HTL, nosso foco \u00e9 cem por cento a consultoria em hospitalidade, turismo e lazer. Nossos servi\u00e7os abrangem todos os aspectos do desenvolvimento imobili\u00e1rio, tur\u00edstico e de lazer no setor hoteleiro .\r<\/p><p style=\"color: #ffffff; text-align: start;\" class=\"b2 hhtl-animate-global-top hhtl-animate-global-delay-2\">Nossos clientes nos escolhem porque conquistamos uma reputa\u00e7\u00e3o de consultoria imparcial que, muitas vezes, significa a diferen\u00e7a entre o fracasso e o sucesso.\r<\/p><p style=\"color: #ffffff; text-align: start;\" class=\"b2 hhtl-animate-global-top hhtl-animate-global-delay-2\">Cada projeto que apoiamos \u00e9 diferente, portanto, precisamos de toda a experi\u00eancia que adquirimos em nossos 100 anos de hist\u00f3ria.\r<\/p><p style=\"color: #ffffff; text-align: start;\" class=\"b2 hhtl-animate-global-top hhtl-animate-global-delay-2\">Somos uma marca global com 52 escrit\u00f3rios em 38 pa\u00edses, que realizaram com sucesso mais de 50.000 projetos para clientes privados e p\u00fablicos.\r<\/p><p style=\"color: #ffffff; text-align: start;\" class=\"b2 hhtl-animate-global-top hhtl-animate-global-delay-2\">Fazemos parte da rede Crowe Global, uma das 10 principais redes de servi\u00e7os cont\u00e1beis e financeiros. Somos primeira escolha para empresas e institui\u00e7\u00f5es financeiras que buscam investir e se desenvolver no setor.\r<\/p><p style=\"color: #ffffff; text-align: start;\" class=\"b2 hhtl-animate-global-top hhtl-animate-global-delay-2\">Somos a Horwath HTL, l\u00edder global em consultoria de hospitalidade, turismo e lazer.<\/p>    <\/div>\n              <\/div>\n                    <div style=\"grid-column: span 6 \/ span 6; align-content: center; --hhtl-padding-top: 2; --hhtl-padding-bottom: 2; --hhtl-padding-left: 0; --hhtl-padding-right: 0;\" class=\"hhtl-padding relative hhtl-animate-global-top hhtl-animate-global-delay-1\">\n                            <div style=\"background-image: url('https:\/\/horwathhtl.com\/wp-content\/uploads\/2024\/07\/crowe-global.jpg');\" class=\"absolute inset-0 bg-cover bg-center\"><\/div>\n                                    <div class=\"sticky top-0\">\n                                          <\/div>\n                            <\/div>\n              <\/div>\n      <\/div>\n<\/div><div style=\"--hhtl-padding-top: 0; --hhtl-padding-bottom: 15; --hhtl-padding-left: 6; --hhtl-padding-right: 6;\" class=\"hhtl-content hhtl-padding relative\">\n  <div>\n        <div style=\"--hhtl-min-height: 45; --hhtl-column-gap: 2; --hhtl-row-gap: 0;\" class=\"hhtl-content-grid hhtl-content-grid-2 grid relative h-fit hhtl-min-height hhtl-grid-gap\">\n                <div style=\"grid-column: span 6 \/ span 6; align-content: center; --hhtl-padding-top: 6; --hhtl-padding-bottom: 6; --hhtl-padding-left: 6; --hhtl-padding-right: 6;\" class=\"hhtl-padding relative hhtl-animate-global-top hhtl-animate-global-delay-0\">\n                            <div style=\"background-color: #0c7876;\" class=\"absolute inset-0\"><\/div>\n                                    <div class=\"sticky top-0\">\n                            <h5 style=\"color: #ffffff; text-align: start;\" class=\"relative hhtl-animate-global-top hhtl-animate-global-delay-1\">Compromisso com ESG<\/h5>\n          <div class=\"relative\">\n      <p style=\"color: #ffffff; text-align: start;\" class=\"b2 hhtl-animate-global-top hhtl-animate-global-delay-2\">Na Horwath HTL, levamos a responsabilidade social corporativa a s\u00e9rio. Nossos deveres como rede s\u00e3o contribuir positivamente aos projetos de nossos clientes, para que eles maximizem seus resultados sem causar impacto negativo no meio ambiente.\r<\/p><p style=\"color: #ffffff; text-align: start;\" class=\"b2 hhtl-animate-global-top hhtl-animate-global-delay-2\">O setor imobili\u00e1rio geralmente consome muitos recursos e pode produzir uma quantidade significativa de res\u00edduos. A Horwath HTL foi a primeira marca a incluir, como padr\u00e3o, uma se\u00e7\u00e3o sobre sustentabilidade e m\u00e9todos sustent\u00e1veis para desenvolver e construir hot\u00e9is em seus relat\u00f3rios para clientes.\r<\/p><p style=\"color: #ffffff; text-align: start;\" class=\"b2 hhtl-animate-global-top hhtl-animate-global-delay-2\">Al\u00e9m disso, a Horwath HTL criou o Pr\u00eamio de Sustentabilidade HICAP na Confer\u00eancia Anual de Investimento em Hot\u00e9is (HICAP) em Hong Kong. Esses pr\u00eamios reconhecem os projetos de hot\u00e9is que demonstraram o um forte compromisso com pr\u00e1ticas comerciais sustent\u00e1veis.<\/p>    <\/div>\n                        <\/div>\n                            <\/div>\n                    <div style=\"grid-column: span 6 \/ span 6; align-content: center; --hhtl-padding-top: 2; --hhtl-padding-bottom: 2; --hhtl-padding-left: 0; --hhtl-padding-right: 0;\" class=\"hhtl-padding relative hhtl-animate-global-top hhtl-animate-global-delay-1\">\n                            <div style=\"background-image: url('https:\/\/horwathhtl.com\/wp-content\/uploads\/2024\/09\/esg.jpg');\" class=\"absolute inset-0 bg-cover bg-center\"><\/div>\n                                    <div class=\"sticky top-0\">\n                                          <\/div>\n                            <\/div>\n              <\/div>\n      <\/div>\n<\/div>","protected":false},"excerpt":{"rendered":"","protected":false},"author":1,"featured_media":0,"parent":0,"menu_order":0,"comment_status":"closed","ping_status":"closed","template":"","meta":{"_acf_changed":false,"footnotes":""},"class_list":["post-45768","page","type-page","status-publish","hentry"],"acf":[],"_links":{"self":[{"href":"https:\/\/horwathhtl.com\/pt-br\/wp-json\/wp\/v2\/pages\/45768","targetHints":{"allow":["GET"]}}],"collection":[{"href":"https:\/\/horwathhtl.com\/pt-br\/wp-json\/wp\/v2\/pages"}],"about":[{"href":"https:\/\/horwathhtl.com\/pt-br\/wp-json\/wp\/v2\/types\/page"}],"author":[{"embeddable":true,"href":"https:\/\/horwathhtl.com\/pt-br\/wp-json\/wp\/v2\/users\/1"}],"replies":[{"embeddable":true,"href":"https:\/\/horwathhtl.com\/pt-br\/wp-json\/wp\/v2\/comments?post=45768"}],"version-history":[{"count":0,"href":"https:\/\/horwathhtl.com\/pt-br\/wp-json\/wp\/v2\/pages\/45768\/revisions"}],"wp:attachment":[{"href":"https:\/\/horwathhtl.com\/pt-br\/wp-json\/wp\/v2\/media?parent=45768"}],"curies":[{"name":"wp","href":"https:\/\/api.w.org\/{rel}","templated":true}]}}