{"id":46889,"date":"2024-09-20T04:23:45","date_gmt":"2024-09-20T04:23:45","guid":{"rendered":"https:\/\/horwathhtl.com\/apie\/"},"modified":"2026-01-13T13:57:22","modified_gmt":"2026-01-13T13:57:22","slug":"apie","status":"publish","type":"page","link":"https:\/\/horwathhtl.com\/lt\/apie\/","title":{"rendered":"Apie"},"content":{"rendered":"<div  class=\"hhtl-hero hhtl-hero-indigo hhtl-hero-mirrored hhtl-hero-reverse-gradient\">\n        <div class=\"hhtl-hero-background\">\n          <div style=\"--hhtl-margin-bottom: 6;\" class=\"grid grid-cols-1 lg:grid-cols-2 lg:auto-rows-fr hhtl-margin\">\n    <div class=\"hhtl-hero-triangle-position\">\n      <div class=\"hhtl-hero-triangle-wrapper opacity-0\">\n        <div class=\"hhtl-hero-triangle-container hhtl-hero-triangle-video\">\n                            <div data-video-id=\"buy2gr2ett\" style=\"\" class=\"hhtl-hero-video\">\n                    <div class=\"wistia_embed wistia_async_buy2gr2ett  seo=false controlsVisibleOnLoad=false endVideoBehavior=loop fitStrategy=cover muted=true playButton=false autoPlay=true silentAutoPlay=true playbar=false settingsControl=false smallPlayButton=false volumeControl=false fullscreenButton=false\"><\/div>\n                  <\/div>\n                        <\/div>\n      <\/div>\n    <\/div>\n    <div class=\"hhtl-hero-content-container\">\n      <div class=\"hhtl-hero-content\">\n                      <h3 class=\"hhtl-hero-strapline hhtl-animate-global-top\">Apie mus<\/h3>\n                    <h1 style=\"\" class=\"hhtl-hero-heading hhtl-animate-global-top hhtl-animate-global-delay-1\">Dr\u0105s\u016bs \u017eingsniai \u012f priek\u012f<\/h1>\n                      <div class=\"hhtl-hero-description\">\n                <p class=\"b1 hhtl-animate-global-top hhtl-animate-global-delay-2\">Esame pasaulin\u0117 svetingumo, turizmo ir laisvalaikio konsultacij\u0173 lyder\u0117. <\/p><p class=\"b1 hhtl-animate-global-top hhtl-animate-global-delay-2\">Daugiausia d\u0117mesio skiriame strateginiam konsultavimui ir kompleksiniams sprendimams j\u016bs\u0173 verslui.<\/p><p class=\"b1 hhtl-animate-global-top hhtl-animate-global-delay-2\">Padedame ambicingiems klientams pasiekti \u012fsp\u016bding\u0173 rezultat\u0173. <\/p>              <\/div>\n                  <\/div>\n          <\/div>\n  <\/div>\n        <\/div>\n                <div class=\"hhtl-hero-statistics-container\">\n                        <div>\n              <div style=\"--hhtl-margin-bottom: 6;\" class=\"hhtl-hero-statistics hhtl-margin\">\n                    <div style=\"--hhtl-padding-x: 0; --hhtl-padding-y: 1;\" class=\"relative hhtl-statistic border-t border-hhtl-neutral-100 hhtl-animate-global-middle hhtl-animate-global-delay-0 hhtl-padding\">\n      <div class=\"stat1 text-hhtl-amber\">\n        <input type=\"hidden\" name=\"hhtl-statistic-end-value\" value=\"52\" \/><span class=\"hhtl-statistic-number\">00<\/span>      <\/div>\n                  <p class=\"caption text-hhtl-neutral-500\">Pasauliniai biurai<\/p>\n              <\/div>\n    <div><\/div><div><\/div>    <div style=\"--hhtl-padding-x: 0; --hhtl-padding-y: 1;\" class=\"relative hhtl-statistic border-t border-hhtl-neutral-100 hhtl-animate-global-middle hhtl-animate-global-delay-1 hhtl-padding\">\n      <div class=\"stat1 text-hhtl-amber\">\n        <input type=\"hidden\" name=\"hhtl-statistic-end-value\" value=\"50\" \/><span class=\"hhtl-statistic-number\">00<\/span><span>k +<\/span>      <\/div>\n                  <p class=\"caption text-hhtl-neutral-500\">\u012egyvendinti projektai<\/p>\n              <\/div>\n        <div style=\"--hhtl-padding-x: 0; --hhtl-padding-y: 1;\" class=\"relative hhtl-statistic border-t border-hhtl-neutral-100 hhtl-animate-global-middle hhtl-animate-global-delay-2 hhtl-padding\">\n      <div class=\"stat1 text-hhtl-amber\">\n        <input type=\"hidden\" name=\"hhtl-statistic-end-value\" value=\"110\" \/><span class=\"hhtl-statistic-number\">000<\/span>      <\/div>\n                  <p class=\"caption text-hhtl-neutral-500\">Verslo metai<\/p>\n              <\/div>\n    <div><\/div>              <\/div>\n            <\/div>\n          <\/div>\n        <\/div>\n<div style=\"--hhtl-padding-top: 5; --hhtl-padding-bottom: 10;\" class=\"hhtl-padding\">\n  <div>\n        <div class=\"swiper hhtl-slider-container h-svh-1\/2 lg:h-svh relative\">\n      <div class=\"swiper-wrapper hhtl-slider w-full h-full\">\n                        <div style=\"background-image: url('https:\/\/horwathhtl.com\/wp-content\/uploads\/2024\/10\/Topalovic-Sinisa-7-1500x1000px.jpg');\" class=\"swiper-slide h-full text-white bg-center bg-cover\">\n                  <div class=\"absolute inset-0 bg-gradient-to-r from-black\/70 to-transparent\"><\/div>\n                                    <div style=\"--hhtl-padding-x: 6; --hhtl-padding-y: 8; align-items: center;\" class=\"flex relative hhtl-padding h-full w-full\">\n                    <div class=\"basis-1\/2\">\n                                              <h2 class=\"text-white font-bold\" data-swiper-parallax-duration=\"1800\" data-swiper-parallax-x=\"-400\" data-swiper-parallax-opacity=\"0\">\u201cWe have to be creative &#8211; every project is different and every client is different\u201d<\/h2>\n                                                <h4 data-swiper-parallax-duration=\"1900\" data-swiper-parallax-x=\"-400\" data-swiper-parallax-opacity=\"0\">Sini\u0161a Topalovi\u0107, Global Head of Tourism Advisory<\/h4>\n                                            <\/div>\n                  <\/div>\n                <\/div>\n                              <div style=\"background-image: url('https:\/\/horwathhtl.com\/wp-content\/uploads\/2024\/10\/IMG_9775.jpg');\" class=\"swiper-slide h-full text-white bg-center bg-cover\">\n                  <div class=\"absolute inset-0 bg-gradient-to-r from-black\/70 to-transparent\"><\/div>\n                                    <div style=\"--hhtl-padding-x: 6; --hhtl-padding-y: 8; align-items: center;\" class=\"flex relative hhtl-padding h-full w-full\">\n                    <div class=\"basis-1\/2\">\n                                              <h2 class=\"text-white font-bold\" data-swiper-parallax-duration=\"1800\" data-swiper-parallax-x=\"-400\" data-swiper-parallax-opacity=\"0\">\u201cHorwath HTL has 52 offices around the world. We are experts in Hospitality, Tourism and Leisure\u201d<\/h2>\n                                                <h4 data-swiper-parallax-duration=\"1900\" data-swiper-parallax-x=\"-400\" data-swiper-parallax-opacity=\"0\">Horwath HTL EMEA<\/h4>\n                                            <\/div>\n                  <\/div>\n                <\/div>\n                              <div style=\"background-image: url('https:\/\/horwathhtl.com\/wp-content\/uploads\/2024\/07\/Milin-Kristina-4-1500x1000px.jpg');\" class=\"swiper-slide h-full text-white bg-center bg-cover\">\n                  <div class=\"absolute inset-0 bg-gradient-to-r from-black\/70 to-transparent\"><\/div>\n                                    <div style=\"--hhtl-padding-x: 6; --hhtl-padding-y: 8; align-items: center;\" class=\"flex relative hhtl-padding h-full w-full\">\n                    <div class=\"basis-1\/2\">\n                                              <h2 class=\"text-white font-bold\" data-swiper-parallax-duration=\"1800\" data-swiper-parallax-x=\"-400\" data-swiper-parallax-opacity=\"0\">\u201cThere is always more than one solution &#8211; the skill is to find the best solution for the long term success of the project\u201d<\/h2>\n                                                <h4 data-swiper-parallax-duration=\"1900\" data-swiper-parallax-x=\"-400\" data-swiper-parallax-opacity=\"0\">Kristina Milin, Principal, Horwath HTL Croatia<\/h4>\n                                            <\/div>\n                  <\/div>\n                <\/div>\n                              <div style=\"background-image: url('https:\/\/horwathhtl.com\/wp-content\/uploads\/2025\/01\/Horwath_09-12-2024_083-A-scaled.jpg');\" class=\"swiper-slide h-full text-white bg-center bg-cover\">\n                  <div class=\"absolute inset-0 bg-gradient-to-r from-black\/70 to-transparent\"><\/div>\n                                    <div style=\"--hhtl-padding-x: 6; --hhtl-padding-y: 8; align-items: center;\" class=\"flex relative hhtl-padding h-full w-full\">\n                    <div class=\"basis-1\/2\">\n                                              <h2 class=\"text-white font-bold\" data-swiper-parallax-duration=\"1800\" data-swiper-parallax-x=\"-400\" data-swiper-parallax-opacity=\"0\">\u201cThe solution has to be sustainable. If we don&#039;t find the right balance between the financial, environmental and social for each project we haven&#039;t succeeded\u201d<\/h2>\n                                                <h4 data-swiper-parallax-duration=\"1900\" data-swiper-parallax-x=\"-400\" data-swiper-parallax-opacity=\"0\">Diego Rodriguez, Managing Partner, Argentina<\/h4>\n                                            <\/div>\n                  <\/div>\n                <\/div>\n                    <\/div>\n      <div style=\"--hhtl-padding-x: 6; --hhtl-padding-bottom: 4;\" class=\"hhtl-padding absolute flex left-0 bottom-0 text-white z-10\">\n        <div style=\"--hhtl-width: 2.5; --hhtl-height: 2.5; --hhtl-margin-right: 0.625;\" class=\"group hhtl-size hhtl-margin hhtl-slider-nav-prev flex items-center justify-center rounded-full cursor-pointer bg-white\/20\">\n          <svg style=\"--hhtl-height: 1.5;\" class=\"hhtl-size group-hover:animate-point-right fill-white\" viewBox=\"0 0 16 16\" xmlns=\"http:\/\/www.w3.org\/2000\/svg\">\n            <path d=\"M7 13L7.705 12.295L3.915 8.5H14V7.5H3.915L7.705 3.705L7 3L2 8L7 13Z\" \/>\n          <\/svg>\n        <\/div>\n        <div style=\"--hhtl-width: 2.5; --hhtl-height: 2.5\" class=\"hhtl-size relative\">\n          <svg class=\"absolute -rotate-90 pointer-events-none\" viewBox=\"0 0 42 42\">\n            <circle style=\"stroke-width: 4%; stroke-linecap: round;\" class=\"hhtl-slider-progress show stroke-hhtl-amber stroke-2 fill-transparent transition-all ease-linear duration-1000\" cx=\"21\" cy=\"21\" r=\"48%\" stroke-dasharray=\"0 126.669015792740412\" stroke-dashoffset=\"0\"><\/circle>\n          <\/svg>\n          <div style=\"--hhtl-width: 2.5; --hhtl-height: 2.5;\" class=\"group hhtl-size hhtl-slider-nav-next flex items-center justify-center rounded-full cursor-pointer bg-white\/20\">\n            <svg style=\"--hhtl-height: 1.5;\" class=\"hhtl-size group-hover:animate-point-left fill-white\" viewBox=\"0 0 16 16\" xmlns=\"http:\/\/www.w3.org\/2000\/svg\">\n              <path d=\"M9 3L8.285 3.6965L12.075 7.5H2V8.5H12.075L8.285 12.2865L9 13L14 8L9 3Z\" \/>\n            <\/svg>\n          <\/div>\n        <\/div>\n      <\/div>\n    <\/div>\n  <\/div>\n<\/div>\n<div style=\"--hhtl-padding-top: 10; --hhtl-padding-bottom: 15; --hhtl-padding-left: 6; --hhtl-padding-right: 6;\" class=\"hhtl-content hhtl-padding relative\">\n  <div>\n        <div style=\"--hhtl-min-height: 45; --hhtl-column-gap: 2; --hhtl-row-gap: 0;\" class=\"hhtl-content-grid hhtl-content-grid-2 grid relative h-fit hhtl-min-height hhtl-grid-gap\">\n                <div style=\"grid-column: span 6 \/ span 6; align-content: center; --hhtl-padding-top: 6; --hhtl-padding-bottom: 6; --hhtl-padding-left: 6; --hhtl-padding-right: 6;\" class=\"hhtl-padding relative hhtl-animate-global-top hhtl-animate-global-delay-0\">\n                            <div style=\"background-color: #002d62;\" class=\"absolute inset-0\"><\/div>\n                      <h5 style=\"color: #ffffff; text-align: start;\" class=\"relative hhtl-animate-global-top hhtl-animate-global-delay-1\">Apie &#8222;Horwath HTL<\/h5>\n          <div class=\"relative\">\n      <p style=\"color: #ffffff; text-align: start;\" class=\"b2 hhtl-animate-global-top hhtl-animate-global-delay-2\">&quot;Horwath HTL&quot; i\u0161skirtinai orientuojasi \u012f svetingumo, vie\u0161bu\u010di\u0173, turizmo ir laisvalaikio verslo konsultacijas. M\u016bs\u0173 paslaugos apima vie\u0161bu\u010di\u0173, nekilnojamojo turto, turizmo ir laisvalaikio pl\u0117tros aspektus.\r<\/p><p style=\"color: #ffffff; text-align: start;\" class=\"b2 hhtl-animate-global-top hhtl-animate-global-delay-2\">M\u016bs\u0173 klientai renkasi mus, nes esame u\u017esitarnav\u0119 reputacij\u0105 teikdami ne\u0161ali\u0161kas ir ekspertines konsultacijas.\r<\/p><p style=\"color: #ffffff; text-align: start;\" class=\"b2 hhtl-animate-global-top hhtl-animate-global-delay-2\">Kiekvienas projektas ties kuriuo dirbame yra skirtingas ir unikalus, tod\u0117l naudojame savo per 100 met\u0173 istorij\u0105 sukaupt\u0105 patirt\u012f.\r<\/p><p style=\"color: #ffffff; text-align: start;\" class=\"b2 hhtl-animate-global-top hhtl-animate-global-delay-2\">Esame tarptautinis tinklas, turintis 52 biurus 38 \u0161alyse, esame s\u0117kmingai \u012fgyvendin\u0119 daugiau kaip 50 000 projekt\u0173 privatiems ir vie\u0161ojo sektoriaus klientams.\r<\/p><p style=\"color: #ffffff; text-align: start;\" class=\"b2 hhtl-animate-global-top hhtl-animate-global-delay-2\">Mes priklausome &quot;Crowe Global&quot; tinklui, patenkan\u010diam \u012f de\u0161imtuk\u0105 did\u017eiausi\u0173 apskaitos ir finansini\u0173 paslaug\u0173 \u012fmoni\u0173. Mus renkasi \u012fmon\u0117s ir finans\u0173 institucijos, norin\u010dios investuoti ir vystyti versl\u0105.\r<\/p><p style=\"color: #ffffff; text-align: start;\" class=\"b2 hhtl-animate-global-top hhtl-animate-global-delay-2\">Esame &quot;Horwath HTL&quot; &#8211; pasaulin\u0117 vie\u0161bu\u010di\u0173, turizmo, svetingumo ir laisvalaikio konsultacij\u0173 lyder\u0117.<\/p>    <\/div>\n              <\/div>\n                    <div style=\"grid-column: span 6 \/ span 6; align-content: center; --hhtl-padding-top: 2; --hhtl-padding-bottom: 2; --hhtl-padding-left: 0; --hhtl-padding-right: 0;\" class=\"hhtl-padding relative hhtl-animate-global-top hhtl-animate-global-delay-1\">\n                            <div style=\"background-image: url('https:\/\/horwathhtl.com\/wp-content\/uploads\/2024\/07\/crowe-global.jpg');\" class=\"absolute inset-0 bg-cover bg-center\"><\/div>\n                                    <div class=\"sticky top-0\">\n                                          <\/div>\n                            <\/div>\n              <\/div>\n      <\/div>\n<\/div><div style=\"--hhtl-padding-top: 0; --hhtl-padding-bottom: 15; --hhtl-padding-left: 6; --hhtl-padding-right: 6;\" class=\"hhtl-content hhtl-padding relative\">\n  <div>\n        <div style=\"--hhtl-min-height: 45; --hhtl-column-gap: 2; --hhtl-row-gap: 0;\" class=\"hhtl-content-grid hhtl-content-grid-2 grid relative h-fit hhtl-min-height hhtl-grid-gap\">\n                <div style=\"grid-column: span 6 \/ span 6; align-content: center; --hhtl-padding-top: 6; --hhtl-padding-bottom: 6; --hhtl-padding-left: 6; --hhtl-padding-right: 6;\" class=\"hhtl-padding relative hhtl-animate-global-top hhtl-animate-global-delay-0\">\n                            <div style=\"background-color: #0c7876;\" class=\"absolute inset-0\"><\/div>\n                                    <div class=\"sticky top-0\">\n                            <h5 style=\"color: #ffffff; text-align: start;\" class=\"relative hhtl-animate-global-top hhtl-animate-global-delay-1\">\u012esipareigojimas d\u0117l ESG<\/h5>\n          <div class=\"relative\">\n      <p style=\"color: #ffffff; text-align: start;\" class=\"b2 hhtl-animate-global-top hhtl-animate-global-delay-2\">&quot;Horwath HTL&quot; kreipia didel\u012f d\u0117mes\u012f \u012f \u012fmoni\u0173 socialin\u0119 atsakomyb\u0119. M\u016bs\u0173, kaip tinklo, pareiga \u2013 taip kurti klient\u0173 projektus, kad jie augint\u0173 gr\u0105\u017e\u0105, nedarydami neigiamo poveikio aplinkai.\r<\/p><p style=\"color: #ffffff; text-align: start;\" class=\"b2 hhtl-animate-global-top hhtl-animate-global-delay-2\">Nekilnojamasis turtas apskritai eikvoja i\u0161teklius ir gali sukelti daug atliek\u0173. &quot;Horwath HTL&quot; buvo pirmasis prek\u0117s \u017eenklas, \u012f savo klient\u0173 ataskaitas \u012ftrauk\u0119s skyri\u0173 apie tvarum\u0105 ir tvarius vie\u0161bu\u010di\u0173 k\u016brimo bei statybos metodus.\r<\/p><p style=\"color: #ffffff; text-align: start;\" class=\"b2 hhtl-animate-global-top hhtl-animate-global-delay-2\">Be to &quot;Horwath HTL&quot; \u012fsteig\u0117 HICAP tvarumo apdovanojim\u0105 kasmetin\u0117je vie\u0161bu\u010di\u0173 investicij\u0173 konferencijoje Honkonge. \u0160ie apdovanojimai skiriami vie\u0161bu\u010di\u0173 projektams, kurie labiausiai prisid\u0117jo prie tvarios verslo praktikos.<\/p>    <\/div>\n                        <\/div>\n                            <\/div>\n                    <div style=\"grid-column: span 6 \/ span 6; align-content: center; --hhtl-padding-top: 2; --hhtl-padding-bottom: 2; --hhtl-padding-left: 0; --hhtl-padding-right: 0;\" class=\"hhtl-padding relative hhtl-animate-global-top hhtl-animate-global-delay-1\">\n                            <div style=\"background-image: url('https:\/\/horwathhtl.com\/wp-content\/uploads\/2024\/09\/esg.jpg');\" class=\"absolute inset-0 bg-cover bg-center\"><\/div>\n                                    <div class=\"sticky top-0\">\n                                          <\/div>\n                            <\/div>\n              <\/div>\n      <\/div>\n<\/div>","protected":false},"excerpt":{"rendered":"","protected":false},"author":1,"featured_media":0,"parent":0,"menu_order":0,"comment_status":"closed","ping_status":"closed","template":"","meta":{"_acf_changed":false,"footnotes":""},"class_list":["post-46889","page","type-page","status-publish","hentry"],"acf":[],"_links":{"self":[{"href":"https:\/\/horwathhtl.com\/lt\/wp-json\/wp\/v2\/pages\/46889","targetHints":{"allow":["GET"]}}],"collection":[{"href":"https:\/\/horwathhtl.com\/lt\/wp-json\/wp\/v2\/pages"}],"about":[{"href":"https:\/\/horwathhtl.com\/lt\/wp-json\/wp\/v2\/types\/page"}],"author":[{"embeddable":true,"href":"https:\/\/horwathhtl.com\/lt\/wp-json\/wp\/v2\/users\/1"}],"replies":[{"embeddable":true,"href":"https:\/\/horwathhtl.com\/lt\/wp-json\/wp\/v2\/comments?post=46889"}],"version-history":[{"count":0,"href":"https:\/\/horwathhtl.com\/lt\/wp-json\/wp\/v2\/pages\/46889\/revisions"}],"wp:attachment":[{"href":"https:\/\/horwathhtl.com\/lt\/wp-json\/wp\/v2\/media?parent=46889"}],"curies":[{"name":"wp","href":"https:\/\/api.w.org\/{rel}","templated":true}]}}