{"id":45767,"date":"2024-09-20T04:23:45","date_gmt":"2024-09-20T04:23:45","guid":{"rendered":"https:\/\/horwathhtl.com\/acerca-de\/"},"modified":"2025-12-07T11:24:44","modified_gmt":"2025-12-07T11:24:44","slug":"acerca-de","status":"publish","type":"page","link":"https:\/\/horwathhtl.com\/es\/acerca-de\/","title":{"rendered":"Acerca de"},"content":{"rendered":"<div  class=\"hhtl-hero hhtl-hero-indigo hhtl-hero-mirrored hhtl-hero-reverse-gradient\">\n        <div class=\"hhtl-hero-background\">\n          <div style=\"--hhtl-margin-bottom: 6;\" class=\"grid grid-cols-1 lg:grid-cols-2 lg:auto-rows-fr hhtl-margin\">\n    <div class=\"hhtl-hero-triangle-position\">\n      <div class=\"hhtl-hero-triangle-wrapper opacity-0\">\n        <div class=\"hhtl-hero-triangle-container hhtl-hero-triangle-video\">\n                            <div data-video-id=\"buy2gr2ett\" style=\"\" class=\"hhtl-hero-video\">\n                    <div class=\"wistia_embed wistia_async_buy2gr2ett  seo=false controlsVisibleOnLoad=false endVideoBehavior=loop fitStrategy=cover muted=true playButton=false autoPlay=true silentAutoPlay=true playbar=false settingsControl=false smallPlayButton=false volumeControl=false fullscreenButton=false\"><\/div>\n                  <\/div>\n                        <\/div>\n      <\/div>\n    <\/div>\n    <div class=\"hhtl-hero-content-container\">\n      <div class=\"hhtl-hero-content\">\n                      <h3 class=\"hhtl-hero-strapline hhtl-animate-global-top\">Qui\u00e9nes somos<\/h3>\n                    <h1 style=\"\" class=\"hhtl-hero-heading hhtl-animate-global-top hhtl-animate-global-delay-1\">Pasos audaces hacia el futuro<\/h1>\n                      <div class=\"hhtl-hero-description\">\n                <p class=\"b1 hhtl-animate-global-top hhtl-animate-global-delay-2\">Somos l\u00edderes mundiales en consultor\u00eda de hosteler\u00eda, turismo y ocio. <\/p><p class=\"b1 hhtl-animate-global-top hhtl-animate-global-delay-2\">Nuestro enfoque est\u00e1 en el asesoramiento estrat\u00e9gico y en brindar soluciones para toda tu organizaci\u00f3n.<\/p><p class=\"b1 hhtl-animate-global-top hhtl-animate-global-delay-2\">Ayudamos a clientes ambiciosos a conseguir resultados extraordinarios. <\/p>              <\/div>\n                  <\/div>\n          <\/div>\n  <\/div>\n        <\/div>\n                <div class=\"hhtl-hero-statistics-container\">\n                        <div>\n              <div style=\"--hhtl-margin-bottom: 6;\" class=\"hhtl-hero-statistics hhtl-margin\">\n                    <div style=\"--hhtl-padding-x: 0; --hhtl-padding-y: 1;\" class=\"relative hhtl-statistic border-t border-hhtl-neutral-100 hhtl-animate-global-middle hhtl-animate-global-delay-0 hhtl-padding\">\n      <div class=\"stat1 text-hhtl-amber\">\n        <input type=\"hidden\" name=\"hhtl-statistic-end-value\" value=\"52\" \/><span class=\"hhtl-statistic-number\">00<\/span>      <\/div>\n                  <p class=\"caption text-hhtl-neutral-500\">Oficinas en todo el mundo<\/p>\n              <\/div>\n    <div><\/div><div><\/div>    <div style=\"--hhtl-padding-x: 0; --hhtl-padding-y: 1;\" class=\"relative hhtl-statistic border-t border-hhtl-neutral-100 hhtl-animate-global-middle hhtl-animate-global-delay-1 hhtl-padding\">\n      <div class=\"stat1 text-hhtl-amber\">\n        <input type=\"hidden\" name=\"hhtl-statistic-end-value\" value=\"50\" \/><span class=\"hhtl-statistic-number\">00<\/span><span>k +<\/span>      <\/div>\n                  <p class=\"caption text-hhtl-neutral-500\">Proyectos realizados<\/p>\n              <\/div>\n        <div style=\"--hhtl-padding-x: 0; --hhtl-padding-y: 1;\" class=\"relative hhtl-statistic border-t border-hhtl-neutral-100 hhtl-animate-global-middle hhtl-animate-global-delay-2 hhtl-padding\">\n      <div class=\"stat1 text-hhtl-amber\">\n        <input type=\"hidden\" name=\"hhtl-statistic-end-value\" value=\"110\" \/><span class=\"hhtl-statistic-number\">000<\/span>      <\/div>\n                  <p class=\"caption text-hhtl-neutral-500\">A\u00f1os de trayectoria<\/p>\n              <\/div>\n    <div><\/div>              <\/div>\n            <\/div>\n          <\/div>\n        <\/div>\n\n\n<div style=\"--hhtl-padding-top: 5; --hhtl-padding-bottom: 10;\" class=\"hhtl-padding\">\n  <div>\n        <div class=\"swiper hhtl-slider-container h-svh-1\/2 lg:h-svh relative\">\n      <div class=\"swiper-wrapper hhtl-slider w-full h-full\">\n                        <div style=\"background-image: url('https:\/\/horwathhtl.com\/wp-content\/uploads\/2024\/10\/Topalovic-Sinisa-7-1500x1000px.jpg');\" class=\"swiper-slide h-full text-white bg-center bg-cover\">\n                  <div class=\"absolute inset-0 bg-gradient-to-r from-black\/70 to-transparent\"><\/div>\n                                    <div style=\"--hhtl-padding-x: 6; --hhtl-padding-y: 8; align-items: center;\" class=\"flex relative hhtl-padding h-full w-full\">\n                    <div class=\"basis-1\/2\">\n                                              <h2 class=\"text-white font-bold\" data-swiper-parallax-duration=\"1800\" data-swiper-parallax-x=\"-400\" data-swiper-parallax-opacity=\"0\">\u201cWe have to be creative &#8211; every project is different and every client is different\u201d<\/h2>\n                                                <h4 data-swiper-parallax-duration=\"1900\" data-swiper-parallax-x=\"-400\" data-swiper-parallax-opacity=\"0\">Sini\u0161a Topalovi\u0107, Global Head of Tourism Advisory<\/h4>\n                                            <\/div>\n                  <\/div>\n                <\/div>\n                              <div style=\"background-image: url('https:\/\/horwathhtl.com\/wp-content\/uploads\/2024\/10\/IMG_9775.jpg');\" class=\"swiper-slide h-full text-white bg-center bg-cover\">\n                  <div class=\"absolute inset-0 bg-gradient-to-r from-black\/70 to-transparent\"><\/div>\n                                    <div style=\"--hhtl-padding-x: 6; --hhtl-padding-y: 8; align-items: center;\" class=\"flex relative hhtl-padding h-full w-full\">\n                    <div class=\"basis-1\/2\">\n                                              <h2 class=\"text-white font-bold\" data-swiper-parallax-duration=\"1800\" data-swiper-parallax-x=\"-400\" data-swiper-parallax-opacity=\"0\">\u201cHorwath HTL has 52 offices around the world. We are experts in Hospitality, Tourism and Leisure\u201d<\/h2>\n                                                <h4 data-swiper-parallax-duration=\"1900\" data-swiper-parallax-x=\"-400\" data-swiper-parallax-opacity=\"0\">Horwath HTL EMEA<\/h4>\n                                            <\/div>\n                  <\/div>\n                <\/div>\n                              <div style=\"background-image: url('https:\/\/horwathhtl.com\/wp-content\/uploads\/2024\/07\/Milin-Kristina-4-1500x1000px.jpg');\" class=\"swiper-slide h-full text-white bg-center bg-cover\">\n                  <div class=\"absolute inset-0 bg-gradient-to-r from-black\/70 to-transparent\"><\/div>\n                                    <div style=\"--hhtl-padding-x: 6; --hhtl-padding-y: 8; align-items: center;\" class=\"flex relative hhtl-padding h-full w-full\">\n                    <div class=\"basis-1\/2\">\n                                              <h2 class=\"text-white font-bold\" data-swiper-parallax-duration=\"1800\" data-swiper-parallax-x=\"-400\" data-swiper-parallax-opacity=\"0\">\u201cThere is always more than one solution &#8211; the skill is to find the best solution for the long term success of the project\u201d<\/h2>\n                                                <h4 data-swiper-parallax-duration=\"1900\" data-swiper-parallax-x=\"-400\" data-swiper-parallax-opacity=\"0\">Kristina Milin, Principal, Horwath HTL Croatia<\/h4>\n                                            <\/div>\n                  <\/div>\n                <\/div>\n                              <div style=\"background-image: url('https:\/\/horwathhtl.com\/wp-content\/uploads\/2025\/01\/Horwath_09-12-2024_083-A-scaled.jpg');\" class=\"swiper-slide h-full text-white bg-center bg-cover\">\n                  <div class=\"absolute inset-0 bg-gradient-to-r from-black\/70 to-transparent\"><\/div>\n                                    <div style=\"--hhtl-padding-x: 6; --hhtl-padding-y: 8; align-items: center;\" class=\"flex relative hhtl-padding h-full w-full\">\n                    <div class=\"basis-1\/2\">\n                                              <h2 class=\"text-white font-bold\" data-swiper-parallax-duration=\"1800\" data-swiper-parallax-x=\"-400\" data-swiper-parallax-opacity=\"0\">\u201cThe solution has to be sustainable. If we don&#039;t find the right balance between the financial, environmental and social for each project we haven&#039;t succeeded\u201d<\/h2>\n                                                <h4 data-swiper-parallax-duration=\"1900\" data-swiper-parallax-x=\"-400\" data-swiper-parallax-opacity=\"0\">Diego Rodriguez, Managing Partner, Argentina<\/h4>\n                                            <\/div>\n                  <\/div>\n                <\/div>\n                    <\/div>\n      <div style=\"--hhtl-padding-x: 6; --hhtl-padding-bottom: 4;\" class=\"hhtl-padding absolute flex left-0 bottom-0 text-white z-10\">\n        <div style=\"--hhtl-width: 2.5; --hhtl-height: 2.5; --hhtl-margin-right: 0.625;\" class=\"group hhtl-size hhtl-margin hhtl-slider-nav-prev flex items-center justify-center rounded-full cursor-pointer bg-white\/20\">\n          <svg style=\"--hhtl-height: 1.5;\" class=\"hhtl-size group-hover:animate-point-right fill-white\" viewBox=\"0 0 16 16\" xmlns=\"http:\/\/www.w3.org\/2000\/svg\">\n            <path d=\"M7 13L7.705 12.295L3.915 8.5H14V7.5H3.915L7.705 3.705L7 3L2 8L7 13Z\" \/>\n          <\/svg>\n        <\/div>\n        <div style=\"--hhtl-width: 2.5; --hhtl-height: 2.5\" class=\"hhtl-size relative\">\n          <svg class=\"absolute -rotate-90 pointer-events-none\" viewBox=\"0 0 42 42\">\n            <circle style=\"stroke-width: 4%; stroke-linecap: round;\" class=\"hhtl-slider-progress show stroke-hhtl-amber stroke-2 fill-transparent transition-all ease-linear duration-1000\" cx=\"21\" cy=\"21\" r=\"48%\" stroke-dasharray=\"0 126.669015792740412\" stroke-dashoffset=\"0\"><\/circle>\n          <\/svg>\n          <div style=\"--hhtl-width: 2.5; --hhtl-height: 2.5;\" class=\"group hhtl-size hhtl-slider-nav-next flex items-center justify-center rounded-full cursor-pointer bg-white\/20\">\n            <svg style=\"--hhtl-height: 1.5;\" class=\"hhtl-size group-hover:animate-point-left fill-white\" viewBox=\"0 0 16 16\" xmlns=\"http:\/\/www.w3.org\/2000\/svg\">\n              <path d=\"M9 3L8.285 3.6965L12.075 7.5H2V8.5H12.075L8.285 12.2865L9 13L14 8L9 3Z\" \/>\n            <\/svg>\n          <\/div>\n        <\/div>\n      <\/div>\n    <\/div>\n  <\/div>\n<\/div>\n\n\n<div style=\"--hhtl-padding-top: 10; --hhtl-padding-bottom: 15; --hhtl-padding-left: 6; --hhtl-padding-right: 6;\" class=\"hhtl-content hhtl-padding relative\">\n  <div>\n        <div style=\"--hhtl-min-height: 45; --hhtl-column-gap: 2; --hhtl-row-gap: 0;\" class=\"hhtl-content-grid hhtl-content-grid-2 grid relative h-fit hhtl-min-height hhtl-grid-gap\">\n                <div style=\"grid-column: span 6 \/ span 6; align-content: center; --hhtl-padding-top: 6; --hhtl-padding-bottom: 6; --hhtl-padding-left: 6; --hhtl-padding-right: 6;\" class=\"hhtl-padding relative hhtl-animate-global-top hhtl-animate-global-delay-0\">\n                            <div style=\"background-color: #002d62;\" class=\"absolute inset-0\"><\/div>\n                      <h5 style=\"color: #ffffff; text-align: start;\" class=\"relative hhtl-animate-global-top hhtl-animate-global-delay-1\">Acerca de Horwath HTL<\/h5>\n          <div class=\"relative\">\n      <p style=\"color: #ffffff; text-align: start;\" class=\"b2 hhtl-animate-global-top hhtl-animate-global-delay-2\">En Horwath HTL, nos centramos al cien por cien en la consultor\u00eda de hosteler\u00eda, turismo y ocio. Nuestros servicios abarcan todos los aspectos del desarrollo inmobiliario hotelero, tur\u00edstico y de ocio.\r<\/p><p style=\"color: #ffffff; text-align: start;\" class=\"b2 hhtl-animate-global-top hhtl-animate-global-delay-2\">Nuestros clientes nos eligen porque nos hemos ganado una reputaci\u00f3n de asesoramiento imparcial que a menudo supone la diferencia entre el fracaso y el \u00e9xito.\r<\/p><p style=\"color: #ffffff; text-align: start;\" class=\"b2 hhtl-animate-global-top hhtl-animate-global-delay-2\">Cada proyecto al que ayudamos es diferente, por lo que necesitamos toda la experiencia que hemos adquirido a lo largo de nuestros 100 a\u00f1os de historia.\r<\/p><p style=\"color: #ffffff; text-align: start;\" class=\"b2 hhtl-animate-global-top hhtl-animate-global-delay-2\">Somos una marca global con 52 oficinas en 38 pa\u00edses, que ha realizado con \u00e9xito m\u00e1s de 50.000 encargos para clientes privados y p\u00fablicos.\r<\/p><p style=\"color: #ffffff; text-align: start;\" class=\"b2 hhtl-animate-global-top hhtl-animate-global-delay-2\">Formamos parte de la red Crowe Global, una de las 10 principales redes de servicios contables y financieros. Somos la opci\u00f3n n\u00famero uno para las empresas e instituciones financieras que quieren invertir y desarrollarse en el sector.\r<\/p><p style=\"color: #ffffff; text-align: start;\" class=\"b2 hhtl-animate-global-top hhtl-animate-global-delay-2\">Somos Horwath HTL, l\u00edder mundial en consultor\u00eda de hosteler\u00eda, turismo y ocio.<\/p>    <\/div>\n              <\/div>\n                    <div style=\"grid-column: span 6 \/ span 6; align-content: center; --hhtl-padding-top: 2; --hhtl-padding-bottom: 2; --hhtl-padding-left: 0; --hhtl-padding-right: 0;\" class=\"hhtl-padding relative hhtl-animate-global-top hhtl-animate-global-delay-1\">\n                            <div style=\"background-image: url('https:\/\/horwathhtl.com\/wp-content\/uploads\/2024\/07\/crowe-global.jpg');\" class=\"absolute inset-0 bg-cover bg-center\"><\/div>\n                                    <div class=\"sticky top-0\">\n                                          <\/div>\n                            <\/div>\n              <\/div>\n      <\/div>\n<\/div>\n\n<div style=\"--hhtl-padding-top: 0; --hhtl-padding-bottom: 15; --hhtl-padding-left: 6; --hhtl-padding-right: 6;\" class=\"hhtl-content hhtl-padding relative\">\n  <div>\n        <div style=\"--hhtl-min-height: 45; --hhtl-column-gap: 2; --hhtl-row-gap: 0;\" class=\"hhtl-content-grid hhtl-content-grid-2 grid relative h-fit hhtl-min-height hhtl-grid-gap\">\n                <div style=\"grid-column: span 6 \/ span 6; align-content: center; --hhtl-padding-top: 6; --hhtl-padding-bottom: 6; --hhtl-padding-left: 6; --hhtl-padding-right: 6;\" class=\"hhtl-padding relative hhtl-animate-global-top hhtl-animate-global-delay-0\">\n                            <div style=\"background-color: #0c7876;\" class=\"absolute inset-0\"><\/div>\n                                    <div class=\"sticky top-0\">\n                            <h5 style=\"color: #ffffff; text-align: start;\" class=\"relative hhtl-animate-global-top hhtl-animate-global-delay-1\">Compromiso con ESG<\/h5>\n          <div class=\"relative\">\n      <p style=\"color: #ffffff; text-align: start;\" class=\"b2 hhtl-animate-global-top hhtl-animate-global-delay-2\">En Horwath HTL nos tomamos muy en serio la responsabilidad social corporativa. Nuestro deber como red es influir positivamente en los proyectos de nuestros clientes para que maximicen los beneficios sin repercutir negativamente en el medio ambiente.\r<\/p><p style=\"color: #ffffff; text-align: start;\" class=\"b2 hhtl-animate-global-top hhtl-animate-global-delay-2\">En general, los bienes inmuebles consumen muchos recursos y pueden producir una cantidad importante de residuos. Horwath HTL fue la primera marca que incluy\u00f3 de serie en sus informes para clientes una secci\u00f3n sobre sostenibilidad y m\u00e9todos sostenibles para desarrollar y construir hoteles.\r<\/p><p style=\"color: #ffffff; text-align: start;\" class=\"b2 hhtl-animate-global-top hhtl-animate-global-delay-2\">Adem\u00e1s, Horwath HTL cre\u00f3 el Premio HICAP a la Sostenibilidad en la Conferencia Anual de Inversi\u00f3n Hotelera (HICAP) de Hong Kong. Estos premios recompensan los proyectos hoteleros que han demostrado el compromiso m\u00e1s significativo con las pr\u00e1cticas empresariales sostenibles.<\/p>    <\/div>\n                        <\/div>\n                            <\/div>\n                    <div style=\"grid-column: span 6 \/ span 6; align-content: center; --hhtl-padding-top: 2; --hhtl-padding-bottom: 2; --hhtl-padding-left: 0; --hhtl-padding-right: 0;\" class=\"hhtl-padding relative hhtl-animate-global-top hhtl-animate-global-delay-1\">\n                            <div style=\"background-image: url('https:\/\/horwathhtl.com\/wp-content\/uploads\/2024\/09\/esg.jpg');\" class=\"absolute inset-0 bg-cover bg-center\"><\/div>\n                                    <div class=\"sticky top-0\">\n                                          <\/div>\n                            <\/div>\n              <\/div>\n      <\/div>\n<\/div>","protected":false},"excerpt":{"rendered":"","protected":false},"author":1,"featured_media":0,"parent":0,"menu_order":0,"comment_status":"closed","ping_status":"closed","template":"","meta":{"_acf_changed":false,"footnotes":""},"class_list":["post-45767","page","type-page","status-publish","hentry"],"acf":[],"_links":{"self":[{"href":"https:\/\/horwathhtl.com\/es\/wp-json\/wp\/v2\/pages\/45767","targetHints":{"allow":["GET"]}}],"collection":[{"href":"https:\/\/horwathhtl.com\/es\/wp-json\/wp\/v2\/pages"}],"about":[{"href":"https:\/\/horwathhtl.com\/es\/wp-json\/wp\/v2\/types\/page"}],"author":[{"embeddable":true,"href":"https:\/\/horwathhtl.com\/es\/wp-json\/wp\/v2\/users\/1"}],"replies":[{"embeddable":true,"href":"https:\/\/horwathhtl.com\/es\/wp-json\/wp\/v2\/comments?post=45767"}],"version-history":[{"count":0,"href":"https:\/\/horwathhtl.com\/es\/wp-json\/wp\/v2\/pages\/45767\/revisions"}],"wp:attachment":[{"href":"https:\/\/horwathhtl.com\/es\/wp-json\/wp\/v2\/media?parent=45767"}],"curies":[{"name":"wp","href":"https:\/\/api.w.org\/{rel}","templated":true}]}}