{"id":45765,"date":"2024-09-20T04:23:45","date_gmt":"2024-09-20T04:23:45","guid":{"rendered":"https:\/\/horwathhtl.com\/ueber\/"},"modified":"2026-01-13T13:57:22","modified_gmt":"2026-01-13T13:57:22","slug":"ueber","status":"publish","type":"page","link":"https:\/\/horwathhtl.com\/de\/ueber\/","title":{"rendered":"\u00dcber"},"content":{"rendered":"<div  class=\"hhtl-hero hhtl-hero-indigo hhtl-hero-mirrored hhtl-hero-reverse-gradient\">\n        <div class=\"hhtl-hero-background\">\n          <div style=\"--hhtl-margin-bottom: 6;\" class=\"grid grid-cols-1 lg:grid-cols-2 lg:auto-rows-fr hhtl-margin\">\n    <div class=\"hhtl-hero-triangle-position\">\n      <div class=\"hhtl-hero-triangle-wrapper opacity-0\">\n        <div class=\"hhtl-hero-triangle-container hhtl-hero-triangle-video\">\n                            <div data-video-id=\"buy2gr2ett\" style=\"\" class=\"hhtl-hero-video\">\n                    <div class=\"wistia_embed wistia_async_buy2gr2ett  seo=false controlsVisibleOnLoad=false endVideoBehavior=loop fitStrategy=cover muted=true playButton=false autoPlay=true silentAutoPlay=true playbar=false settingsControl=false smallPlayButton=false volumeControl=false fullscreenButton=false\"><\/div>\n                  <\/div>\n                        <\/div>\n      <\/div>\n    <\/div>\n    <div class=\"hhtl-hero-content-container\">\n      <div class=\"hhtl-hero-content\">\n                      <h3 class=\"hhtl-hero-strapline hhtl-animate-global-top\">\u00dcber uns<\/h3>\n                    <h1 style=\"\" class=\"hhtl-hero-heading hhtl-animate-global-top hhtl-animate-global-delay-1\">Mutige Schritte nach vorn<\/h1>\n                      <div class=\"hhtl-hero-description\">\n                <p class=\"b1 hhtl-animate-global-top hhtl-animate-global-delay-2\">Wir sind weltweit f\u00fchrend in der Beratung f\u00fcr Gastgewerbe, Tourismus und Freizeit.  <\/p><p class=\"b1 hhtl-animate-global-top hhtl-animate-global-delay-2\">Unser Schwerpunkt liegt auf strategischer Beratung und L\u00f6sungen f\u00fcr Ihr gesamtes Unternehmen.<\/p><p class=\"b1 hhtl-animate-global-top hhtl-animate-global-delay-2\">Wir helfen ambitionierten Kunden, au\u00dfergew\u00f6hnliche Ergebnisse zu erzielen.  <\/p>              <\/div>\n                  <\/div>\n          <\/div>\n  <\/div>\n        <\/div>\n                <div class=\"hhtl-hero-statistics-container\">\n                        <div>\n              <div style=\"--hhtl-margin-bottom: 6;\" class=\"hhtl-hero-statistics hhtl-margin\">\n                    <div style=\"--hhtl-padding-x: 0; --hhtl-padding-y: 1;\" class=\"relative hhtl-statistic border-t border-hhtl-neutral-100 hhtl-animate-global-middle hhtl-animate-global-delay-0 hhtl-padding\">\n      <div class=\"stat1 text-hhtl-amber\">\n        <input type=\"hidden\" name=\"hhtl-statistic-end-value\" value=\"52\" \/><span class=\"hhtl-statistic-number\">00<\/span>      <\/div>\n                  <p class=\"caption text-hhtl-neutral-500\">Globale Niederlassungen<\/p>\n              <\/div>\n    <div><\/div><div><\/div>    <div style=\"--hhtl-padding-x: 0; --hhtl-padding-y: 1;\" class=\"relative hhtl-statistic border-t border-hhtl-neutral-100 hhtl-animate-global-middle hhtl-animate-global-delay-1 hhtl-padding\">\n      <div class=\"stat1 text-hhtl-amber\">\n        <input type=\"hidden\" name=\"hhtl-statistic-end-value\" value=\"50\" \/><span class=\"hhtl-statistic-number\">00<\/span><span>k +<\/span>      <\/div>\n                  <p class=\"caption text-hhtl-neutral-500\">Abgeschlossene Projekte<\/p>\n              <\/div>\n        <div style=\"--hhtl-padding-x: 0; --hhtl-padding-y: 1;\" class=\"relative hhtl-statistic border-t border-hhtl-neutral-100 hhtl-animate-global-middle hhtl-animate-global-delay-2 hhtl-padding\">\n      <div class=\"stat1 text-hhtl-amber\">\n        <input type=\"hidden\" name=\"hhtl-statistic-end-value\" value=\"110\" \/><span class=\"hhtl-statistic-number\">000<\/span>      <\/div>\n                  <p class=\"caption text-hhtl-neutral-500\">Jahre im Gesch\u00e4ft<\/p>\n              <\/div>\n    <div><\/div>              <\/div>\n            <\/div>\n          <\/div>\n        <\/div>\n<div style=\"--hhtl-padding-top: 5; --hhtl-padding-bottom: 10;\" class=\"hhtl-padding\">\n  <div>\n        <div class=\"swiper hhtl-slider-container h-svh-1\/2 lg:h-svh relative\">\n      <div class=\"swiper-wrapper hhtl-slider w-full h-full\">\n                        <div style=\"background-image: url('https:\/\/horwathhtl.com\/wp-content\/uploads\/2024\/10\/Topalovic-Sinisa-7-1500x1000px.jpg');\" class=\"swiper-slide h-full text-white bg-center bg-cover\">\n                  <div class=\"absolute inset-0 bg-gradient-to-r from-black\/70 to-transparent\"><\/div>\n                                    <div style=\"--hhtl-padding-x: 6; --hhtl-padding-y: 8; align-items: center;\" class=\"flex relative hhtl-padding h-full w-full\">\n                    <div class=\"basis-1\/2\">\n                                              <h2 class=\"text-white font-bold\" data-swiper-parallax-duration=\"1800\" data-swiper-parallax-x=\"-400\" data-swiper-parallax-opacity=\"0\">\u201cWe have to be creative &#8211; every project is different and every client is different\u201d<\/h2>\n                                                <h4 data-swiper-parallax-duration=\"1900\" data-swiper-parallax-x=\"-400\" data-swiper-parallax-opacity=\"0\">Sini\u0161a Topalovi\u0107, Global Head of Tourism Advisory<\/h4>\n                                            <\/div>\n                  <\/div>\n                <\/div>\n                              <div style=\"background-image: url('https:\/\/horwathhtl.com\/wp-content\/uploads\/2024\/10\/IMG_9775.jpg');\" class=\"swiper-slide h-full text-white bg-center bg-cover\">\n                  <div class=\"absolute inset-0 bg-gradient-to-r from-black\/70 to-transparent\"><\/div>\n                                    <div style=\"--hhtl-padding-x: 6; --hhtl-padding-y: 8; align-items: center;\" class=\"flex relative hhtl-padding h-full w-full\">\n                    <div class=\"basis-1\/2\">\n                                              <h2 class=\"text-white font-bold\" data-swiper-parallax-duration=\"1800\" data-swiper-parallax-x=\"-400\" data-swiper-parallax-opacity=\"0\">\u201cHorwath HTL has 52 offices around the world. We are experts in Hospitality, Tourism and Leisure\u201d<\/h2>\n                                                <h4 data-swiper-parallax-duration=\"1900\" data-swiper-parallax-x=\"-400\" data-swiper-parallax-opacity=\"0\">Horwath HTL EMEA<\/h4>\n                                            <\/div>\n                  <\/div>\n                <\/div>\n                              <div style=\"background-image: url('https:\/\/horwathhtl.com\/wp-content\/uploads\/2024\/07\/Milin-Kristina-4-1500x1000px.jpg');\" class=\"swiper-slide h-full text-white bg-center bg-cover\">\n                  <div class=\"absolute inset-0 bg-gradient-to-r from-black\/70 to-transparent\"><\/div>\n                                    <div style=\"--hhtl-padding-x: 6; --hhtl-padding-y: 8; align-items: center;\" class=\"flex relative hhtl-padding h-full w-full\">\n                    <div class=\"basis-1\/2\">\n                                              <h2 class=\"text-white font-bold\" data-swiper-parallax-duration=\"1800\" data-swiper-parallax-x=\"-400\" data-swiper-parallax-opacity=\"0\">\u201cThere is always more than one solution &#8211; the skill is to find the best solution for the long term success of the project\u201d<\/h2>\n                                                <h4 data-swiper-parallax-duration=\"1900\" data-swiper-parallax-x=\"-400\" data-swiper-parallax-opacity=\"0\">Kristina Milin, Principal, Horwath HTL Croatia<\/h4>\n                                            <\/div>\n                  <\/div>\n                <\/div>\n                              <div style=\"background-image: url('https:\/\/horwathhtl.com\/wp-content\/uploads\/2025\/01\/Horwath_09-12-2024_083-A-scaled.jpg');\" class=\"swiper-slide h-full text-white bg-center bg-cover\">\n                  <div class=\"absolute inset-0 bg-gradient-to-r from-black\/70 to-transparent\"><\/div>\n                                    <div style=\"--hhtl-padding-x: 6; --hhtl-padding-y: 8; align-items: center;\" class=\"flex relative hhtl-padding h-full w-full\">\n                    <div class=\"basis-1\/2\">\n                                              <h2 class=\"text-white font-bold\" data-swiper-parallax-duration=\"1800\" data-swiper-parallax-x=\"-400\" data-swiper-parallax-opacity=\"0\">\u201cThe solution has to be sustainable. If we don&#039;t find the right balance between the financial, environmental and social for each project we haven&#039;t succeeded\u201d<\/h2>\n                                                <h4 data-swiper-parallax-duration=\"1900\" data-swiper-parallax-x=\"-400\" data-swiper-parallax-opacity=\"0\">Diego Rodriguez, Managing Partner, Argentina<\/h4>\n                                            <\/div>\n                  <\/div>\n                <\/div>\n                    <\/div>\n      <div style=\"--hhtl-padding-x: 6; --hhtl-padding-bottom: 4;\" class=\"hhtl-padding absolute flex left-0 bottom-0 text-white z-10\">\n        <div style=\"--hhtl-width: 2.5; --hhtl-height: 2.5; --hhtl-margin-right: 0.625;\" class=\"group hhtl-size hhtl-margin hhtl-slider-nav-prev flex items-center justify-center rounded-full cursor-pointer bg-white\/20\">\n          <svg style=\"--hhtl-height: 1.5;\" class=\"hhtl-size group-hover:animate-point-right fill-white\" viewBox=\"0 0 16 16\" xmlns=\"http:\/\/www.w3.org\/2000\/svg\">\n            <path d=\"M7 13L7.705 12.295L3.915 8.5H14V7.5H3.915L7.705 3.705L7 3L2 8L7 13Z\" \/>\n          <\/svg>\n        <\/div>\n        <div style=\"--hhtl-width: 2.5; --hhtl-height: 2.5\" class=\"hhtl-size relative\">\n          <svg class=\"absolute -rotate-90 pointer-events-none\" viewBox=\"0 0 42 42\">\n            <circle style=\"stroke-width: 4%; stroke-linecap: round;\" class=\"hhtl-slider-progress show stroke-hhtl-amber stroke-2 fill-transparent transition-all ease-linear duration-1000\" cx=\"21\" cy=\"21\" r=\"48%\" stroke-dasharray=\"0 126.669015792740412\" stroke-dashoffset=\"0\"><\/circle>\n          <\/svg>\n          <div style=\"--hhtl-width: 2.5; --hhtl-height: 2.5;\" class=\"group hhtl-size hhtl-slider-nav-next flex items-center justify-center rounded-full cursor-pointer bg-white\/20\">\n            <svg style=\"--hhtl-height: 1.5;\" class=\"hhtl-size group-hover:animate-point-left fill-white\" viewBox=\"0 0 16 16\" xmlns=\"http:\/\/www.w3.org\/2000\/svg\">\n              <path d=\"M9 3L8.285 3.6965L12.075 7.5H2V8.5H12.075L8.285 12.2865L9 13L14 8L9 3Z\" \/>\n            <\/svg>\n          <\/div>\n        <\/div>\n      <\/div>\n    <\/div>\n  <\/div>\n<\/div>\n<div style=\"--hhtl-padding-top: 10; --hhtl-padding-bottom: 15; --hhtl-padding-left: 6; --hhtl-padding-right: 6;\" class=\"hhtl-content hhtl-padding relative\">\n  <div>\n        <div style=\"--hhtl-min-height: 45; --hhtl-column-gap: 2; --hhtl-row-gap: 0;\" class=\"hhtl-content-grid hhtl-content-grid-2 grid relative h-fit hhtl-min-height hhtl-grid-gap\">\n                <div style=\"grid-column: span 6 \/ span 6; align-content: center; --hhtl-padding-top: 6; --hhtl-padding-bottom: 6; --hhtl-padding-left: 6; --hhtl-padding-right: 6;\" class=\"hhtl-padding relative hhtl-animate-global-top hhtl-animate-global-delay-0\">\n                            <div style=\"background-color: #002d62;\" class=\"absolute inset-0\"><\/div>\n                      <h5 style=\"color: #ffffff; text-align: start;\" class=\"relative hhtl-animate-global-top hhtl-animate-global-delay-1\">About Horwath HTL<\/h5>\n          <div class=\"relative\">\n      <p style=\"color: #ffffff; text-align: start;\" class=\"b2 hhtl-animate-global-top hhtl-animate-global-delay-2\">Bei Horwath HTL konzentrieren wir uns zu hundert Prozent auf die Beratung in den Bereichen Gastgewerbe, Tourismus und Freizeit. Unsere Dienstleistungen decken alle Aspekte der Entwicklung von Hotelimmobilien, Tourismus und Freizeit ab.\r<\/p><p style=\"color: #ffffff; text-align: start;\" class=\"b2 hhtl-animate-global-top hhtl-animate-global-delay-2\">Unsere Kunden entscheiden sich f\u00fcr uns, weil wir uns einen Ruf f\u00fcr unparteiische Beratung erworben haben, die oft den Unterschied zwischen Misserfolg und Erfolg ausmacht.\r<\/p><p style=\"color: #ffffff; text-align: start;\" class=\"b2 hhtl-animate-global-top hhtl-animate-global-delay-2\">Jedes Projekt, das wir betreuen, ist anders. Deshalb brauchen wir all die Erfahrung, die wir in unserer 100-j\u00e4hrigen Geschichte gesammelt haben.\r<\/p><p style=\"color: #ffffff; text-align: start;\" class=\"b2 hhtl-animate-global-top hhtl-animate-global-delay-2\">Wir sind eine globale Marke mit 52 B\u00fcros in 38 L\u00e4ndern, die \u00fcber 50.000 Auftr\u00e4ge f\u00fcr private und \u00f6ffentliche Kunden erfolgreich durchgef\u00fchrt haben.\r<\/p><p style=\"color: #ffffff; text-align: start;\" class=\"b2 hhtl-animate-global-top hhtl-animate-global-delay-2\">Wir sind Teil des Crowe Global Netzwerks, einem der Top 10 Netzwerke f\u00fcr Wirtschaftspr\u00fcfung und Finanzdienstleistungen. Wir sind die erste Wahl f\u00fcr Unternehmen und Finanzinstitute, die in der Branche investieren und sich entwickeln wollen.\r<\/p><p style=\"color: #ffffff; text-align: start;\" class=\"b2 hhtl-animate-global-top hhtl-animate-global-delay-2\">Wir sind Horwath HTL, der Weltmarktf\u00fchrer in der Beratung f\u00fcr Gastgewerbe, Tourismus und Freizeit.<\/p>    <\/div>\n              <\/div>\n                    <div style=\"grid-column: span 6 \/ span 6; align-content: center; --hhtl-padding-top: 2; --hhtl-padding-bottom: 2; --hhtl-padding-left: 0; --hhtl-padding-right: 0;\" class=\"hhtl-padding relative hhtl-animate-global-top hhtl-animate-global-delay-1\">\n                            <div style=\"background-image: url('https:\/\/horwathhtl.com\/wp-content\/uploads\/2024\/07\/crowe-global.jpg');\" class=\"absolute inset-0 bg-cover bg-center\"><\/div>\n                                    <div class=\"sticky top-0\">\n                                          <\/div>\n                            <\/div>\n              <\/div>\n      <\/div>\n<\/div><div style=\"--hhtl-padding-top: 0; --hhtl-padding-bottom: 15; --hhtl-padding-left: 6; --hhtl-padding-right: 6;\" class=\"hhtl-content hhtl-padding relative\">\n  <div>\n        <div style=\"--hhtl-min-height: 45; --hhtl-column-gap: 2; --hhtl-row-gap: 0;\" class=\"hhtl-content-grid hhtl-content-grid-2 grid relative h-fit hhtl-min-height hhtl-grid-gap\">\n                <div style=\"grid-column: span 6 \/ span 6; align-content: center; --hhtl-padding-top: 6; --hhtl-padding-bottom: 6; --hhtl-padding-left: 6; --hhtl-padding-right: 6;\" class=\"hhtl-padding relative hhtl-animate-global-top hhtl-animate-global-delay-0\">\n                            <div style=\"background-color: #0c7876;\" class=\"absolute inset-0\"><\/div>\n                                    <div class=\"sticky top-0\">\n                            <h5 style=\"color: #ffffff; text-align: start;\" class=\"relative hhtl-animate-global-top hhtl-animate-global-delay-1\">Engagement f\u00fcr ESG<\/h5>\n          <div class=\"relative\">\n      <p style=\"color: #ffffff; text-align: start;\" class=\"b2 hhtl-animate-global-top hhtl-animate-global-delay-2\">Wir bei Horwath HTL nehmen unsere soziale Verantwortung ernst. Unsere Aufgabe als Netzwerk ist es, die Projekte unserer Kunden positiv zu beeinflussen, so dass sie ihre Rendite maximieren, ohne die Umwelt negativ zu beeinflussen.\r<\/p><p style=\"color: #ffffff; text-align: start;\" class=\"b2 hhtl-animate-global-top hhtl-animate-global-delay-2\">Immobilien sind in der Regel ressourcenintensiv und k\u00f6nnen eine erhebliche Menge an Abfall produzieren. Horwath HTL war die erste Marke, die standardm\u00e4\u00dfig einen Abschnitt \u00fcber Nachhaltigkeit und nachhaltige Methoden f\u00fcr die Entwicklung und den Bau von Hotels in ihre Kundenberichte aufgenommen hat.\r<\/p><p style=\"color: #ffffff; text-align: start;\" class=\"b2 hhtl-animate-global-top hhtl-animate-global-delay-2\">Au\u00dferdem hat Horwath HTL den HICAP Sustainability Award auf der j\u00e4hrlichen Hotel Investment Conference (HICAP) in Hongkong ins Leben gerufen. Diese Auszeichnungen belohnen die Hotelprojekte, die das gr\u00f6\u00dfte Engagement f\u00fcr nachhaltige Gesch\u00e4ftspraktiken gezeigt haben.<\/p>    <\/div>\n                        <\/div>\n                            <\/div>\n                    <div style=\"grid-column: span 6 \/ span 6; align-content: center; --hhtl-padding-top: 2; --hhtl-padding-bottom: 2; --hhtl-padding-left: 0; --hhtl-padding-right: 0;\" class=\"hhtl-padding relative hhtl-animate-global-top hhtl-animate-global-delay-1\">\n                            <div style=\"background-image: url('https:\/\/horwathhtl.com\/wp-content\/uploads\/2024\/09\/esg.jpg');\" class=\"absolute inset-0 bg-cover bg-center\"><\/div>\n                                    <div class=\"sticky top-0\">\n                                          <\/div>\n                            <\/div>\n              <\/div>\n      <\/div>\n<\/div>","protected":false},"excerpt":{"rendered":"","protected":false},"author":1,"featured_media":0,"parent":0,"menu_order":0,"comment_status":"closed","ping_status":"closed","template":"","meta":{"_acf_changed":false,"footnotes":""},"class_list":["post-45765","page","type-page","status-publish","hentry"],"acf":[],"_links":{"self":[{"href":"https:\/\/horwathhtl.com\/de\/wp-json\/wp\/v2\/pages\/45765","targetHints":{"allow":["GET"]}}],"collection":[{"href":"https:\/\/horwathhtl.com\/de\/wp-json\/wp\/v2\/pages"}],"about":[{"href":"https:\/\/horwathhtl.com\/de\/wp-json\/wp\/v2\/types\/page"}],"author":[{"embeddable":true,"href":"https:\/\/horwathhtl.com\/de\/wp-json\/wp\/v2\/users\/1"}],"replies":[{"embeddable":true,"href":"https:\/\/horwathhtl.com\/de\/wp-json\/wp\/v2\/comments?post=45765"}],"version-history":[{"count":0,"href":"https:\/\/horwathhtl.com\/de\/wp-json\/wp\/v2\/pages\/45765\/revisions"}],"wp:attachment":[{"href":"https:\/\/horwathhtl.com\/de\/wp-json\/wp\/v2\/media?parent=45765"}],"curies":[{"name":"wp","href":"https:\/\/api.w.org\/{rel}","templated":true}]}}